{"id":932,"date":"2025-04-01T21:06:02","date_gmt":"2025-04-02T01:06:02","guid":{"rendered":"https:\/\/caribbeanspecialtyingredients.com\/product\/coloramel\/"},"modified":"2025-08-25T16:12:08","modified_gmt":"2025-08-25T20:12:08","slug":"coloramel","status":"publish","type":"product","link":"https:\/\/caribbeanspecialtyingredients.com\/es\/product\/coloramel\/","title":{"rendered":"Coloramel"},"content":{"rendered":"<section class=\"l-section wpb_row height_auto\"><div class=\"l-section-h i-cf\"><div class=\"g-cols vc_row via_grid cols_1 laptops-cols_inherit tablets-cols_inherit mobiles-cols_1 valign_top type_default stacking_default\"><div class=\"wpb_column vc_column_container\"><div class=\"vc_column-inner\"><h5 class=\"w-text us_custom_f8f524d4 has_text_color\"><span class=\"w-text-h\"><span class=\"w-text-value\">Coloramel es un jarabe color caramelo de calidad alimenticia, elaborado a partir de az\u00facar de ca\u00f1a pura y no modificada gen\u00e9ticamente (sin OGM), mediante un tratamiento t\u00e9rmico controlado.<\/span><\/span><\/h5><div class=\"wpb_text_column\"><div class=\"wpb_wrapper\"><p>Est\u00e1 disponible en una variedad de niveles ICUMSA para adaptarse a distintas necesidades de formulaci\u00f3n. Dise\u00f1ado para ofrecer excelente solubilidad y estabilidad, Coloramel proporciona un rendimiento crom\u00e1tico consistente en diversas aplicaciones, incluyendo refrescos carbonatados (como la cola), cervezas oscuras y tipo malta, salsas, productos de panader\u00eda, confiter\u00eda, rones, vinos, whiskies y licores.<\/p>\n<\/div><\/div><div class=\"w-separator size_small\"><\/div><div class=\"w-popup w-btn-wrapper align_none\"><button aria-label=\"Solicitar ficha t\u00e9cnica\" class=\"w-popup-trigger type_btn w-btn us-btn-style_1\"><span class=\"w-btn-label\">Solicitar ficha t\u00e9cnica<\/span><\/button><div class=\"w-popup-overlay\" style=\"background:rgba(0,0,0,0.85);\"><\/div><div class=\"w-popup-wrap layout_default\" style=\"--title-color:var(--color-content-heading);--title-bg-color:var(--color-content-bg-alt);--content-color:var(--color-content-text);--content-bg-color:var(--color-content-bg);--popup-width:800px;--popup-padding:0%;\"><div class=\"w-popup-box animation_fadeIn closerpos_outside without_title\"><div class=\"w-popup-box-h\"><div class=\"w-popup-box-content\"><section class=\"l-section wpb_row us_custom_9ccc05f2 height_medium\"><div class=\"l-section-h i-cf\"><div class=\"g-cols vc_row via_grid cols_1 laptops-cols_inherit tablets-cols_inherit mobiles-cols_1 valign_top type_default stacking_default\"><div class=\"wpb_column vc_column_container\"><div class=\"vc_column-inner\"><div class=\"w-image us_custom_04c40667 align_none\"><div class=\"w-image-h\"><img decoding=\"async\" width=\"63\" height=\"63\" data-src=\"https:\/\/caribbeanspecialtyingredients.com\/wp-content\/smush-webp\/2025\/05\/technical-icon.png.webp\" class=\"attachment-large size-large lazyload\" alt=\"\" src=\"data:image\/svg+xml;base64,PHN2ZyB3aWR0aD0iMSIgaGVpZ2h0PSIxIiB4bWxucz0iaHR0cDovL3d3dy53My5vcmcvMjAwMC9zdmciPjwvc3ZnPg==\" style=\"--smush-placeholder-width: 63px; --smush-placeholder-aspect-ratio: 63\/63;\" \/><\/div><\/div><h3 class=\"w-text us_custom_c1f33c30 has_text_color\"><span class=\"w-text-h\"><span class=\"w-text-value\">SOLICITAR FICHA T\u00c9CNICA<\/span><\/span><\/h3><div class=\"g-cols wpb_row us_custom_976d68be via_grid cols_1 laptops-cols_inherit tablets-cols_inherit mobiles-cols_1 valign_top type_default stacking_default\" style=\"--columns-gap:3rem;\"><div class=\"wpb_column vc_column_container\"><div class=\"vc_column-inner\">\n<div class=\"wpcf7 no-js\" id=\"wpcf7-f909-o1\" lang=\"es-ES\" dir=\"ltr\" data-wpcf7-id=\"909\">\n<div class=\"screen-reader-response\"><p role=\"status\" aria-live=\"polite\" aria-atomic=\"true\"><\/p> <ul><\/ul><\/div>\n<form action=\"\/es\/wp-json\/wp\/v2\/product\/932#wpcf7-f909-o1\" method=\"post\" class=\"wpcf7-form init\" aria-label=\"Formulario de contacto\" novalidate=\"novalidate\" data-status=\"init\">\n<fieldset class=\"hidden-fields-container\"><input type=\"hidden\" name=\"_wpcf7\" value=\"909\" \/><input type=\"hidden\" name=\"_wpcf7_version\" value=\"6.1.5\" \/><input type=\"hidden\" name=\"_wpcf7_locale\" value=\"es_ES\" \/><input type=\"hidden\" name=\"_wpcf7_unit_tag\" value=\"wpcf7-f909-o1\" \/><input type=\"hidden\" name=\"_wpcf7_container_post\" value=\"0\" \/><input type=\"hidden\" name=\"_wpcf7_posted_data_hash\" value=\"\" \/>\n<\/fieldset>\n<p><label><span class=\"wpcf7-form-control-wrap\" data-name=\"your-name\"><input size=\"40\" maxlength=\"400\" class=\"wpcf7-form-control wpcf7-text wpcf7-validates-as-required\" autocomplete=\"name\" aria-required=\"true\" aria-invalid=\"false\" placeholder=\"Nombre\" value=\"\" type=\"text\" name=\"your-name\" \/><\/span><\/label>\n<\/p>\n<p><label><span class=\"wpcf7-form-control-wrap\" data-name=\"your-email\"><input size=\"40\" maxlength=\"400\" class=\"wpcf7-form-control wpcf7-email wpcf7-validates-as-required wpcf7-text wpcf7-validates-as-email\" autocomplete=\"email\" aria-required=\"true\" aria-invalid=\"false\" placeholder=\"Email\" value=\"\" type=\"email\" name=\"your-email\" \/><\/span> <\/label>\n<\/p>\n<p><label><span class=\"wpcf7-form-control-wrap\" data-name=\"phone\"><input size=\"40\" maxlength=\"400\" class=\"wpcf7-form-control wpcf7-text wpcf7-validates-as-required\" aria-required=\"true\" aria-invalid=\"false\" placeholder=\"Tel\u00e9fono\" value=\"\" type=\"text\" name=\"phone\" \/><\/span> <\/label>\n<\/p>\n<div class=\"cf7-cf-turnstile\" style=\"margin-top: 0px; margin-bottom: -15px;\"> <div id=\"cf-turnstile-cf7-3057922098\" class=\"cf-turnstile\" data-sitekey=\"0x4AAAAAABh0p21KBEAaIoEC\" data-theme=\"light\" data-language=\"auto\" data-size=\"normal\" data-retry=\"auto\" data-retry-interval=\"1000\" data-refresh-expired=\"auto\" data-action=\"contact-form-7\" data-appearance=\"always\"><\/div> <script>document.addEventListener(\"DOMContentLoaded\", function() { setTimeout(function(){ var e=document.getElementById(\"cf-turnstile-cf7-3057922098\"); e&&!e.innerHTML.trim()&&(turnstile.remove(\"#cf-turnstile-cf7-3057922098\"), turnstile.render(\"#cf-turnstile-cf7-3057922098\", {sitekey:\"0x4AAAAAABh0p21KBEAaIoEC\"})); }, 100); });<\/script> <br class=\"cf-turnstile-br cf-turnstile-br-cf7-3057922098\"> <style>#cf-turnstile-cf7-3057922098 { margin-left: -15px; }<\/style> <script>document.addEventListener(\"DOMContentLoaded\",function(){document.querySelectorAll('.wpcf7-form').forEach(function(e){e.addEventListener('submit',function(){if(document.getElementById('cf-turnstile-cf7-3057922098')){setTimeout(function(){turnstile.reset('#cf-turnstile-cf7-3057922098');},1000)}})})});<\/script> <\/div>\n<p><input class=\"wpcf7-form-control wpcf7-submit has-spinner\" type=\"submit\" value=\"ACCEDER A LA FICHA T\u00c9CNICA\" \/>\n<\/p><div class=\"wpcf7-response-output\" aria-hidden=\"true\"><\/div>\n<\/form>\n<\/div>\n<\/div><\/div><\/div><\/div><\/div><\/div><\/div><\/section>\n<\/div><\/div><\/div><div class=\"w-popup-closer\"><\/div><\/div><\/div><\/div><\/div><\/div><\/div><\/section>\n","protected":false},"excerpt":{"rendered":"Coloramel es un jarabe color caramelo de calidad alimenticia, elaborado a partir de az\u00facar de ca\u00f1a pura y no modificada gen\u00e9ticamente (sin OGM), mediante un tratamiento t\u00e9rmico controlado.Est\u00e1 disponible en una variedad de niveles ICUMSA para adaptarse a distintas necesidades de formulaci\u00f3n. Dise\u00f1ado para ofrecer excelente solubilidad y estabilidad, Coloramel proporciona un rendimiento crom\u00e1tico consistente...","protected":false},"featured_media":806,"comment_status":"open","ping_status":"closed","template":"","meta":{"_acf_changed":false},"product_brand":[],"product_cat":[36],"product_tag":[],"class_list":{"0":"post-932","1":"product","2":"type-product","3":"status-publish","4":"has-post-thumbnail","6":"product_cat-uncategorized-es","8":"first","9":"instock","10":"shipping-taxable","11":"product-type-simple"},"acf":[],"yoast_head":"<!-- This site is optimized with the Yoast SEO plugin v27.3 - https:\/\/yoast.com\/product\/yoast-seo-wordpress\/ -->\n<title>Coloramel - Caribbean Specialty Ingredients<\/title>\n<meta name=\"robots\" content=\"index, follow, max-snippet:-1, max-image-preview:large, max-video-preview:-1\" \/>\n<link rel=\"canonical\" href=\"https:\/\/caribbeanspecialtyingredients.com\/es\/product\/coloramel\/\" \/>\n<meta property=\"og:locale\" content=\"es_ES\" \/>\n<meta property=\"og:type\" content=\"article\" \/>\n<meta property=\"og:title\" content=\"Coloramel - Caribbean Specialty Ingredients\" \/>\n<meta property=\"og:url\" content=\"https:\/\/caribbeanspecialtyingredients.com\/es\/product\/coloramel\/\" \/>\n<meta property=\"og:site_name\" content=\"Caribbean Specialty Ingredients\" \/>\n<meta property=\"article:modified_time\" content=\"2025-08-25T20:12:08+00:00\" \/>\n<meta property=\"og:image\" content=\"https:\/\/caribbeanspecialtyingredients.com\/wp-content\/uploads\/2025\/04\/vita-banner-product-07.jpg\" \/>\n\t<meta property=\"og:image:width\" content=\"600\" \/>\n\t<meta property=\"og:image:height\" content=\"600\" \/>\n\t<meta property=\"og:image:type\" content=\"image\/jpeg\" \/>\n<meta name=\"twitter:card\" content=\"summary_large_image\" \/>\n<meta name=\"twitter:label1\" content=\"Tiempo de lectura\" \/>\n\t<meta name=\"twitter:data1\" content=\"1 minuto\" \/>\n<script type=\"application\/ld+json\" class=\"yoast-schema-graph\">{\"@context\":\"https:\\\/\\\/schema.org\",\"@graph\":[{\"@type\":\"WebPage\",\"@id\":\"https:\\\/\\\/caribbeanspecialtyingredients.com\\\/es\\\/product\\\/coloramel\\\/\",\"url\":\"https:\\\/\\\/caribbeanspecialtyingredients.com\\\/es\\\/product\\\/coloramel\\\/\",\"name\":\"Coloramel - Caribbean Specialty Ingredients\",\"isPartOf\":{\"@id\":\"https:\\\/\\\/caribbeanspecialtyingredients.com\\\/#website\"},\"primaryImageOfPage\":{\"@id\":\"https:\\\/\\\/caribbeanspecialtyingredients.com\\\/es\\\/product\\\/coloramel\\\/#primaryimage\"},\"image\":{\"@id\":\"https:\\\/\\\/caribbeanspecialtyingredients.com\\\/es\\\/product\\\/coloramel\\\/#primaryimage\"},\"thumbnailUrl\":\"https:\\\/\\\/caribbeanspecialtyingredients.com\\\/wp-content\\\/uploads\\\/2025\\\/04\\\/vita-banner-product-07.jpg\",\"datePublished\":\"2025-04-02T01:06:02+00:00\",\"dateModified\":\"2025-08-25T20:12:08+00:00\",\"breadcrumb\":{\"@id\":\"https:\\\/\\\/caribbeanspecialtyingredients.com\\\/es\\\/product\\\/coloramel\\\/#breadcrumb\"},\"inLanguage\":\"es\",\"potentialAction\":[{\"@type\":\"ReadAction\",\"target\":[\"https:\\\/\\\/caribbeanspecialtyingredients.com\\\/es\\\/product\\\/coloramel\\\/\"]}]},{\"@type\":\"ImageObject\",\"inLanguage\":\"es\",\"@id\":\"https:\\\/\\\/caribbeanspecialtyingredients.com\\\/es\\\/product\\\/coloramel\\\/#primaryimage\",\"url\":\"https:\\\/\\\/caribbeanspecialtyingredients.com\\\/wp-content\\\/uploads\\\/2025\\\/04\\\/vita-banner-product-07.jpg\",\"contentUrl\":\"https:\\\/\\\/caribbeanspecialtyingredients.com\\\/wp-content\\\/uploads\\\/2025\\\/04\\\/vita-banner-product-07.jpg\",\"width\":600,\"height\":600},{\"@type\":\"BreadcrumbList\",\"@id\":\"https:\\\/\\\/caribbeanspecialtyingredients.com\\\/es\\\/product\\\/coloramel\\\/#breadcrumb\",\"itemListElement\":[{\"@type\":\"ListItem\",\"position\":1,\"name\":\"Home\",\"item\":\"https:\\\/\\\/caribbeanspecialtyingredients.com\\\/es\\\/\"},{\"@type\":\"ListItem\",\"position\":2,\"name\":\"Tienda\",\"item\":\"https:\\\/\\\/caribbeanspecialtyingredients.com\\\/es\\\/tienda\\\/\"},{\"@type\":\"ListItem\",\"position\":3,\"name\":\"Coloramel\"}]},{\"@type\":\"WebSite\",\"@id\":\"https:\\\/\\\/caribbeanspecialtyingredients.com\\\/#website\",\"url\":\"https:\\\/\\\/caribbeanspecialtyingredients.com\\\/\",\"name\":\"Caribbean Speciality Ingredients\",\"description\":\"\",\"publisher\":{\"@id\":\"https:\\\/\\\/caribbeanspecialtyingredients.com\\\/#organization\"},\"potentialAction\":[{\"@type\":\"SearchAction\",\"target\":{\"@type\":\"EntryPoint\",\"urlTemplate\":\"https:\\\/\\\/caribbeanspecialtyingredients.com\\\/?s={search_term_string}\"},\"query-input\":{\"@type\":\"PropertyValueSpecification\",\"valueRequired\":true,\"valueName\":\"search_term_string\"}}],\"inLanguage\":\"es\"},{\"@type\":\"Organization\",\"@id\":\"https:\\\/\\\/caribbeanspecialtyingredients.com\\\/#organization\",\"name\":\"Caribbean Speciality Ingredients\",\"url\":\"https:\\\/\\\/caribbeanspecialtyingredients.com\\\/\",\"logo\":{\"@type\":\"ImageObject\",\"inLanguage\":\"es\",\"@id\":\"https:\\\/\\\/caribbeanspecialtyingredients.com\\\/#\\\/schema\\\/logo\\\/image\\\/\",\"url\":\"https:\\\/\\\/caribbeanspecialtyingredients.com\\\/wp-content\\\/uploads\\\/2025\\\/03\\\/caribbean-logo.svg\",\"contentUrl\":\"https:\\\/\\\/caribbeanspecialtyingredients.com\\\/wp-content\\\/uploads\\\/2025\\\/03\\\/caribbean-logo.svg\",\"width\":\"1024\",\"height\":\"1024\",\"caption\":\"Caribbean Speciality Ingredients\"},\"image\":{\"@id\":\"https:\\\/\\\/caribbeanspecialtyingredients.com\\\/#\\\/schema\\\/logo\\\/image\\\/\"}}]}<\/script>\n<!-- \/ Yoast SEO plugin. -->","yoast_head_json":{"title":"Coloramel - Caribbean Specialty Ingredients","robots":{"index":"index","follow":"follow","max-snippet":"max-snippet:-1","max-image-preview":"max-image-preview:large","max-video-preview":"max-video-preview:-1"},"canonical":"https:\/\/caribbeanspecialtyingredients.com\/es\/product\/coloramel\/","og_locale":"es_ES","og_type":"article","og_title":"Coloramel - Caribbean Specialty Ingredients","og_url":"https:\/\/caribbeanspecialtyingredients.com\/es\/product\/coloramel\/","og_site_name":"Caribbean Specialty Ingredients","article_modified_time":"2025-08-25T20:12:08+00:00","og_image":[{"width":600,"height":600,"url":"https:\/\/caribbeanspecialtyingredients.com\/wp-content\/uploads\/2025\/04\/vita-banner-product-07.jpg","type":"image\/jpeg"}],"twitter_card":"summary_large_image","twitter_misc":{"Tiempo de lectura":"1 minuto"},"schema":{"@context":"https:\/\/schema.org","@graph":[{"@type":"WebPage","@id":"https:\/\/caribbeanspecialtyingredients.com\/es\/product\/coloramel\/","url":"https:\/\/caribbeanspecialtyingredients.com\/es\/product\/coloramel\/","name":"Coloramel - Caribbean Specialty Ingredients","isPartOf":{"@id":"https:\/\/caribbeanspecialtyingredients.com\/#website"},"primaryImageOfPage":{"@id":"https:\/\/caribbeanspecialtyingredients.com\/es\/product\/coloramel\/#primaryimage"},"image":{"@id":"https:\/\/caribbeanspecialtyingredients.com\/es\/product\/coloramel\/#primaryimage"},"thumbnailUrl":"https:\/\/caribbeanspecialtyingredients.com\/wp-content\/uploads\/2025\/04\/vita-banner-product-07.jpg","datePublished":"2025-04-02T01:06:02+00:00","dateModified":"2025-08-25T20:12:08+00:00","breadcrumb":{"@id":"https:\/\/caribbeanspecialtyingredients.com\/es\/product\/coloramel\/#breadcrumb"},"inLanguage":"es","potentialAction":[{"@type":"ReadAction","target":["https:\/\/caribbeanspecialtyingredients.com\/es\/product\/coloramel\/"]}]},{"@type":"ImageObject","inLanguage":"es","@id":"https:\/\/caribbeanspecialtyingredients.com\/es\/product\/coloramel\/#primaryimage","url":"https:\/\/caribbeanspecialtyingredients.com\/wp-content\/uploads\/2025\/04\/vita-banner-product-07.jpg","contentUrl":"https:\/\/caribbeanspecialtyingredients.com\/wp-content\/uploads\/2025\/04\/vita-banner-product-07.jpg","width":600,"height":600},{"@type":"BreadcrumbList","@id":"https:\/\/caribbeanspecialtyingredients.com\/es\/product\/coloramel\/#breadcrumb","itemListElement":[{"@type":"ListItem","position":1,"name":"Home","item":"https:\/\/caribbeanspecialtyingredients.com\/es\/"},{"@type":"ListItem","position":2,"name":"Tienda","item":"https:\/\/caribbeanspecialtyingredients.com\/es\/tienda\/"},{"@type":"ListItem","position":3,"name":"Coloramel"}]},{"@type":"WebSite","@id":"https:\/\/caribbeanspecialtyingredients.com\/#website","url":"https:\/\/caribbeanspecialtyingredients.com\/","name":"Caribbean Speciality Ingredients","description":"","publisher":{"@id":"https:\/\/caribbeanspecialtyingredients.com\/#organization"},"potentialAction":[{"@type":"SearchAction","target":{"@type":"EntryPoint","urlTemplate":"https:\/\/caribbeanspecialtyingredients.com\/?s={search_term_string}"},"query-input":{"@type":"PropertyValueSpecification","valueRequired":true,"valueName":"search_term_string"}}],"inLanguage":"es"},{"@type":"Organization","@id":"https:\/\/caribbeanspecialtyingredients.com\/#organization","name":"Caribbean Speciality Ingredients","url":"https:\/\/caribbeanspecialtyingredients.com\/","logo":{"@type":"ImageObject","inLanguage":"es","@id":"https:\/\/caribbeanspecialtyingredients.com\/#\/schema\/logo\/image\/","url":"https:\/\/caribbeanspecialtyingredients.com\/wp-content\/uploads\/2025\/03\/caribbean-logo.svg","contentUrl":"https:\/\/caribbeanspecialtyingredients.com\/wp-content\/uploads\/2025\/03\/caribbean-logo.svg","width":"1024","height":"1024","caption":"Caribbean Speciality Ingredients"},"image":{"@id":"https:\/\/caribbeanspecialtyingredients.com\/#\/schema\/logo\/image\/"}}]}},"_links":{"self":[{"href":"https:\/\/caribbeanspecialtyingredients.com\/es\/wp-json\/wp\/v2\/product\/932","targetHints":{"allow":["GET"]}}],"collection":[{"href":"https:\/\/caribbeanspecialtyingredients.com\/es\/wp-json\/wp\/v2\/product"}],"about":[{"href":"https:\/\/caribbeanspecialtyingredients.com\/es\/wp-json\/wp\/v2\/types\/product"}],"replies":[{"embeddable":true,"href":"https:\/\/caribbeanspecialtyingredients.com\/es\/wp-json\/wp\/v2\/comments?post=932"}],"wp:featuredmedia":[{"embeddable":true,"href":"https:\/\/caribbeanspecialtyingredients.com\/es\/wp-json\/wp\/v2\/media\/806"}],"wp:attachment":[{"href":"https:\/\/caribbeanspecialtyingredients.com\/es\/wp-json\/wp\/v2\/media?parent=932"}],"wp:term":[{"taxonomy":"product_brand","embeddable":true,"href":"https:\/\/caribbeanspecialtyingredients.com\/es\/wp-json\/wp\/v2\/product_brand?post=932"},{"taxonomy":"product_cat","embeddable":true,"href":"https:\/\/caribbeanspecialtyingredients.com\/es\/wp-json\/wp\/v2\/product_cat?post=932"},{"taxonomy":"product_tag","embeddable":true,"href":"https:\/\/caribbeanspecialtyingredients.com\/es\/wp-json\/wp\/v2\/product_tag?post=932"}],"curies":[{"name":"wp","href":"https:\/\/api.w.org\/{rel}","templated":true}]}}