{"id":925,"date":"2025-03-28T17:47:31","date_gmt":"2025-03-28T21:47:31","guid":{"rendered":"https:\/\/caribbeanspecialtyingredients.com\/contacto\/"},"modified":"2025-08-25T13:53:24","modified_gmt":"2025-08-25T17:53:24","slug":"contacto","status":"publish","type":"page","link":"https:\/\/caribbeanspecialtyingredients.com\/es\/contacto\/","title":{"rendered":"Contacto"},"content":{"rendered":"<section class=\"l-section wpb_row us_custom_216abc43 height_huge width_full with_img with_shape\"><div class=\"l-section-img lazyload\" role=\"img\" data-img-width=\"1921\" data-img-height=\"420\" style=\"background-image:inherit;background-repeat: no-repeat;\" data-bg-image=\"url(https:\/\/caribbeanspecialtyingredients.com\/wp-content\/smush-webp\/2025\/05\/contacto-banner-1.jpg.webp)\"><\/div><div class=\"l-section-shape type_curve pos_bottom\" style=\"height:10vmin;\"><svg xmlns=\"http:\/\/www.w3.org\/2000\/svg\" viewBox=\"0 0 64 8\" preserveAspectRatio=\"none\" width=\"100%\" height=\"100%\">\r\n\t<path fill=\"currentColor\" d=\"M64 8 L64 0 Q32 15.8 0 0 L0 8 Z\"\/>\r\n<\/svg><\/div><div class=\"l-section-h i-cf\"><div class=\"g-cols vc_row via_grid cols_1 laptops-cols_inherit tablets-cols_inherit mobiles-cols_1 valign_top type_default stacking_default\"><div class=\"wpb_column vc_column_container\"><div class=\"vc_column-inner\"><\/div><\/div><\/div><\/div><\/section><section class=\"l-section wpb_row us_custom_13070f23 height_medium\"><div class=\"l-section-h i-cf\"><div class=\"g-cols vc_row via_grid cols_1 laptops-cols_inherit tablets-cols_inherit mobiles-cols_1 valign_top type_default stacking_default\" style=\"--columns-gap:3rem;--laptops-columns-gap:3rem;--tablets-columns-gap:3rem;--mobiles-columns-gap:1rem;\"><div class=\"wpb_column vc_column_container\"><div class=\"vc_column-inner\"><div class=\"w-image align_center\"><div class=\"w-image-h\"><img decoding=\"async\" data-src=\"https:\/\/caribbeanspecialtyingredients.com\/wp-content\/uploads\/2025\/03\/caribbean-icon.svg\" class=\"attachment-full size-full lazyload\" alt=\"\" src=\"data:image\/svg+xml;base64,PHN2ZyB3aWR0aD0iMSIgaGVpZ2h0PSIxIiB4bWxucz0iaHR0cDovL3d3dy53My5vcmcvMjAwMC9zdmciPjwvc3ZnPg==\" \/><\/div><\/div><div class=\"w-separator size_small\"><\/div><h3 class=\"w-text us_custom_c53d37c8 us_animate_this\"><span class=\"w-text-h\"><span class=\"w-text-value\">CONT\u00c1CTANOS<\/span><\/span><\/h3><\/div><\/div><\/div><\/div><\/section><section class=\"l-section wpb_row height_medium\"><div class=\"l-section-h i-cf\"><div class=\"g-cols vc_row via_grid cols_2 laptops-cols_inherit tablets-cols_inherit mobiles-cols_1 valign_top type_default stacking_default\"><div class=\"wpb_column vc_column_container\"><div class=\"vc_column-inner\"><div class=\"w-iconbox us_custom_850557fa has_text_color iconpos_left style_circle color_primary align_left no_text\"><div class=\"w-iconbox-icon\" style=\"font-size:1.5rem;\"><i class=\"fas fa-phone-alt\"><\/i><\/div><div class=\"w-iconbox-meta\"><h6 class=\"w-iconbox-title\">+1-809-564-8460<\/h6><\/div><\/div><div class=\"w-iconbox us_custom_850557fa has_text_color iconpos_left style_circle color_primary align_left no_text\"><div class=\"w-iconbox-icon\" style=\"font-size:1.5rem;\"><i class=\"fas fa-map-marker-alt\"><\/i><\/div><div class=\"w-iconbox-meta\"><h6 class=\"w-iconbox-title\">Parque Industrial Zona Franca Hato Nuevo #8, Hato Nuevo de los Alcarrizos, Santo Domingo Oeste, Rep\u00fablica Dominicana<\/h6><\/div><\/div><\/div><\/div><div class=\"wpb_column vc_column_container us_custom_47474b22 us_animate_this\"><div class=\"vc_column-inner\"><h3 class=\"w-text us_custom_60f6d2bc has_text_color\"><span class=\"w-text-h\"><span class=\"w-text-value\">Env\u00edanos un mensaje<\/span><\/span><\/h3>\n<div class=\"wpcf7 no-js\" id=\"wpcf7-f900-o1\" lang=\"es-ES\" dir=\"ltr\" data-wpcf7-id=\"900\">\n<div class=\"screen-reader-response\"><p role=\"status\" aria-live=\"polite\" aria-atomic=\"true\"><\/p> <ul><\/ul><\/div>\n<form action=\"\/es\/wp-json\/wp\/v2\/pages\/925#wpcf7-f900-o1\" method=\"post\" class=\"wpcf7-form init\" aria-label=\"Formulario de contacto\" novalidate=\"novalidate\" data-status=\"init\">\n<fieldset class=\"hidden-fields-container\"><input type=\"hidden\" name=\"_wpcf7\" value=\"900\" \/><input type=\"hidden\" name=\"_wpcf7_version\" value=\"6.1.5\" \/><input type=\"hidden\" name=\"_wpcf7_locale\" value=\"es_ES\" \/><input type=\"hidden\" name=\"_wpcf7_unit_tag\" value=\"wpcf7-f900-o1\" \/><input type=\"hidden\" name=\"_wpcf7_container_post\" value=\"0\" \/><input type=\"hidden\" name=\"_wpcf7_posted_data_hash\" value=\"\" \/>\n<\/fieldset>\n<p><label><span class=\"wpcf7-form-control-wrap\" data-name=\"your-name\"><input size=\"40\" maxlength=\"400\" class=\"wpcf7-form-control wpcf7-text wpcf7-validates-as-required\" autocomplete=\"name\" aria-required=\"true\" aria-invalid=\"false\" placeholder=\"Nombre\" value=\"\" type=\"text\" name=\"your-name\" \/><\/span> <\/label>\n<\/p>\n<p><label><span class=\"wpcf7-form-control-wrap\" data-name=\"your-email\"><input size=\"40\" maxlength=\"400\" class=\"wpcf7-form-control wpcf7-email wpcf7-validates-as-required wpcf7-text wpcf7-validates-as-email\" autocomplete=\"email\" aria-required=\"true\" aria-invalid=\"false\" placeholder=\"Email\" value=\"\" type=\"email\" name=\"your-email\" \/><\/span> <\/label>\n<\/p>\n<p><label><span class=\"wpcf7-form-control-wrap\" data-name=\"phone\"><input size=\"40\" maxlength=\"400\" class=\"wpcf7-form-control wpcf7-text wpcf7-validates-as-required\" autocomplete=\"phone\" aria-required=\"true\" aria-invalid=\"false\" placeholder=\"Tel\u00e9fono\" value=\"\" type=\"text\" name=\"phone\" \/><\/span> <\/label>\n<\/p>\n<p><label><span class=\"wpcf7-form-control-wrap\" data-name=\"your-message\"><textarea cols=\"40\" rows=\"10\" maxlength=\"2000\" class=\"wpcf7-form-control wpcf7-textarea\" aria-invalid=\"false\" placeholder=\"Mensaje\" name=\"your-message\"><\/textarea><\/span> <\/label>\n<\/p>\n<div class=\"cf7-cf-turnstile\" style=\"margin-top: 0px; margin-bottom: -15px;\"> <div id=\"cf-turnstile-cf7-81456320\" class=\"cf-turnstile\" data-sitekey=\"0x4AAAAAABh0p21KBEAaIoEC\" data-theme=\"light\" data-language=\"auto\" data-size=\"normal\" data-retry=\"auto\" data-retry-interval=\"1000\" data-refresh-expired=\"auto\" data-action=\"contact-form-7\" data-appearance=\"always\"><\/div> <script>document.addEventListener(\"DOMContentLoaded\", function() { setTimeout(function(){ var e=document.getElementById(\"cf-turnstile-cf7-81456320\"); e&&!e.innerHTML.trim()&&(turnstile.remove(\"#cf-turnstile-cf7-81456320\"), turnstile.render(\"#cf-turnstile-cf7-81456320\", {sitekey:\"0x4AAAAAABh0p21KBEAaIoEC\"})); }, 100); });<\/script> <br class=\"cf-turnstile-br cf-turnstile-br-cf7-81456320\"> <style>#cf-turnstile-cf7-81456320 { margin-left: -15px; }<\/style> <script>document.addEventListener(\"DOMContentLoaded\",function(){document.querySelectorAll('.wpcf7-form').forEach(function(e){e.addEventListener('submit',function(){if(document.getElementById('cf-turnstile-cf7-81456320')){setTimeout(function(){turnstile.reset('#cf-turnstile-cf7-81456320');},1000)}})})});<\/script> <\/div>\n<p><input class=\"wpcf7-form-control wpcf7-submit has-spinner\" type=\"submit\" value=\"ENVIAR\" \/>\n<\/p><div class=\"wpcf7-response-output\" aria-hidden=\"true\"><\/div>\n<\/form>\n<\/div>\n<\/div><\/div><\/div><\/div><\/section><section class=\"l-section wpb_row us_custom_19737bc8 height_medium width_full\"><div class=\"l-section-h i-cf\"><div class=\"g-cols vc_row via_grid cols_1 laptops-cols_inherit tablets-cols_inherit mobiles-cols_1 valign_top type_default stacking_default\"><div class=\"wpb_column vc_column_container\"><div class=\"vc_column-inner\"><h3 class=\"w-text us_custom_5e7c0cf1 has_text_color\"><span class=\"w-text-h\"><span class=\"w-text-value\">\u00bfDonde estamos?<\/span><\/span><\/h3><div class=\"w-separator size_small\"><\/div><div class=\"w-html\"><iframe src=\"https:\/\/www.google.com\/maps\/embed?pb=!1m18!1m12!1m3!1d3871006.6273605507!2d-72.77179002556906!3d18.651431228272397!2m3!1f0!2f0!3f0!3m2!1i1024!2i768!4f13.1!3m3!1m2!1s0x8eaf8838def1b6f5:0xa6020f24060df7e0!2sRep\u00fablica Dominicana!5e0!3m2!1ses!2sco!4v1747684659235!5m2!1ses!2sco\" width=\"100%\" height=\"450\" style=\"border:0;\" allowfullscreen=\"\" loading=\"lazy\" referrerpolicy=\"no-referrer-when-downgrade\"><\/iframe><\/div><\/div><\/div><\/div><\/div><\/section>\n","protected":false},"excerpt":{"rendered":"CONT\u00c1CTANOS+1-809-564-8460Parque Industrial Zona Franca Hato Nuevo #8, Hato Nuevo de los Alcarrizos, Santo Domingo Oeste, Rep\u00fablica DominicanaEnv\u00edanos un mensaje \u00bfDonde estamos?","protected":false},"author":1,"featured_media":0,"parent":0,"menu_order":0,"comment_status":"closed","ping_status":"closed","template":"","meta":{"_acf_changed":false,"footnotes":""},"class_list":["post-925","page","type-page","status-publish","hentry"],"acf":[],"yoast_head":"<!-- This site is optimized with the Yoast SEO plugin v27.3 - https:\/\/yoast.com\/product\/yoast-seo-wordpress\/ -->\n<title>Contacto - Caribbean Specialty Ingredients<\/title>\n<meta name=\"robots\" content=\"index, follow, max-snippet:-1, max-image-preview:large, max-video-preview:-1\" \/>\n<link rel=\"canonical\" href=\"https:\/\/caribbeanspecialtyingredients.com\/es\/contacto\/\" \/>\n<meta property=\"og:locale\" content=\"es_ES\" \/>\n<meta property=\"og:type\" content=\"article\" \/>\n<meta property=\"og:title\" content=\"Contacto - Caribbean Specialty Ingredients\" \/>\n<meta property=\"og:url\" content=\"https:\/\/caribbeanspecialtyingredients.com\/es\/contacto\/\" \/>\n<meta property=\"og:site_name\" content=\"Caribbean Specialty Ingredients\" \/>\n<meta property=\"article:modified_time\" content=\"2025-08-25T17:53:24+00:00\" \/>\n<meta name=\"twitter:card\" content=\"summary_large_image\" \/>\n<meta name=\"twitter:label1\" content=\"Tiempo de lectura\" \/>\n\t<meta name=\"twitter:data1\" content=\"2 minutos\" \/>\n<script type=\"application\/ld+json\" class=\"yoast-schema-graph\">{\"@context\":\"https:\\\/\\\/schema.org\",\"@graph\":[{\"@type\":\"WebPage\",\"@id\":\"https:\\\/\\\/caribbeanspecialtyingredients.com\\\/es\\\/contacto\\\/\",\"url\":\"https:\\\/\\\/caribbeanspecialtyingredients.com\\\/es\\\/contacto\\\/\",\"name\":\"Contacto - Caribbean Specialty Ingredients\",\"isPartOf\":{\"@id\":\"https:\\\/\\\/caribbeanspecialtyingredients.com\\\/#website\"},\"datePublished\":\"2025-03-28T21:47:31+00:00\",\"dateModified\":\"2025-08-25T17:53:24+00:00\",\"breadcrumb\":{\"@id\":\"https:\\\/\\\/caribbeanspecialtyingredients.com\\\/es\\\/contacto\\\/#breadcrumb\"},\"inLanguage\":\"es\",\"potentialAction\":[{\"@type\":\"ReadAction\",\"target\":[\"https:\\\/\\\/caribbeanspecialtyingredients.com\\\/es\\\/contacto\\\/\"]}]},{\"@type\":\"BreadcrumbList\",\"@id\":\"https:\\\/\\\/caribbeanspecialtyingredients.com\\\/es\\\/contacto\\\/#breadcrumb\",\"itemListElement\":[{\"@type\":\"ListItem\",\"position\":1,\"name\":\"Home\",\"item\":\"https:\\\/\\\/caribbeanspecialtyingredients.com\\\/es\\\/\"},{\"@type\":\"ListItem\",\"position\":2,\"name\":\"Contacto\"}]},{\"@type\":\"WebSite\",\"@id\":\"https:\\\/\\\/caribbeanspecialtyingredients.com\\\/#website\",\"url\":\"https:\\\/\\\/caribbeanspecialtyingredients.com\\\/\",\"name\":\"Caribbean Speciality Ingredients\",\"description\":\"\",\"publisher\":{\"@id\":\"https:\\\/\\\/caribbeanspecialtyingredients.com\\\/#organization\"},\"potentialAction\":[{\"@type\":\"SearchAction\",\"target\":{\"@type\":\"EntryPoint\",\"urlTemplate\":\"https:\\\/\\\/caribbeanspecialtyingredients.com\\\/?s={search_term_string}\"},\"query-input\":{\"@type\":\"PropertyValueSpecification\",\"valueRequired\":true,\"valueName\":\"search_term_string\"}}],\"inLanguage\":\"es\"},{\"@type\":\"Organization\",\"@id\":\"https:\\\/\\\/caribbeanspecialtyingredients.com\\\/#organization\",\"name\":\"Caribbean Speciality Ingredients\",\"url\":\"https:\\\/\\\/caribbeanspecialtyingredients.com\\\/\",\"logo\":{\"@type\":\"ImageObject\",\"inLanguage\":\"es\",\"@id\":\"https:\\\/\\\/caribbeanspecialtyingredients.com\\\/#\\\/schema\\\/logo\\\/image\\\/\",\"url\":\"https:\\\/\\\/caribbeanspecialtyingredients.com\\\/wp-content\\\/uploads\\\/2025\\\/03\\\/caribbean-logo.svg\",\"contentUrl\":\"https:\\\/\\\/caribbeanspecialtyingredients.com\\\/wp-content\\\/uploads\\\/2025\\\/03\\\/caribbean-logo.svg\",\"width\":\"1024\",\"height\":\"1024\",\"caption\":\"Caribbean Speciality Ingredients\"},\"image\":{\"@id\":\"https:\\\/\\\/caribbeanspecialtyingredients.com\\\/#\\\/schema\\\/logo\\\/image\\\/\"}}]}<\/script>\n<!-- \/ Yoast SEO plugin. -->","yoast_head_json":{"title":"Contacto - Caribbean Specialty Ingredients","robots":{"index":"index","follow":"follow","max-snippet":"max-snippet:-1","max-image-preview":"max-image-preview:large","max-video-preview":"max-video-preview:-1"},"canonical":"https:\/\/caribbeanspecialtyingredients.com\/es\/contacto\/","og_locale":"es_ES","og_type":"article","og_title":"Contacto - Caribbean Specialty Ingredients","og_url":"https:\/\/caribbeanspecialtyingredients.com\/es\/contacto\/","og_site_name":"Caribbean Specialty Ingredients","article_modified_time":"2025-08-25T17:53:24+00:00","twitter_card":"summary_large_image","twitter_misc":{"Tiempo de lectura":"2 minutos"},"schema":{"@context":"https:\/\/schema.org","@graph":[{"@type":"WebPage","@id":"https:\/\/caribbeanspecialtyingredients.com\/es\/contacto\/","url":"https:\/\/caribbeanspecialtyingredients.com\/es\/contacto\/","name":"Contacto - Caribbean Specialty Ingredients","isPartOf":{"@id":"https:\/\/caribbeanspecialtyingredients.com\/#website"},"datePublished":"2025-03-28T21:47:31+00:00","dateModified":"2025-08-25T17:53:24+00:00","breadcrumb":{"@id":"https:\/\/caribbeanspecialtyingredients.com\/es\/contacto\/#breadcrumb"},"inLanguage":"es","potentialAction":[{"@type":"ReadAction","target":["https:\/\/caribbeanspecialtyingredients.com\/es\/contacto\/"]}]},{"@type":"BreadcrumbList","@id":"https:\/\/caribbeanspecialtyingredients.com\/es\/contacto\/#breadcrumb","itemListElement":[{"@type":"ListItem","position":1,"name":"Home","item":"https:\/\/caribbeanspecialtyingredients.com\/es\/"},{"@type":"ListItem","position":2,"name":"Contacto"}]},{"@type":"WebSite","@id":"https:\/\/caribbeanspecialtyingredients.com\/#website","url":"https:\/\/caribbeanspecialtyingredients.com\/","name":"Caribbean Speciality Ingredients","description":"","publisher":{"@id":"https:\/\/caribbeanspecialtyingredients.com\/#organization"},"potentialAction":[{"@type":"SearchAction","target":{"@type":"EntryPoint","urlTemplate":"https:\/\/caribbeanspecialtyingredients.com\/?s={search_term_string}"},"query-input":{"@type":"PropertyValueSpecification","valueRequired":true,"valueName":"search_term_string"}}],"inLanguage":"es"},{"@type":"Organization","@id":"https:\/\/caribbeanspecialtyingredients.com\/#organization","name":"Caribbean Speciality Ingredients","url":"https:\/\/caribbeanspecialtyingredients.com\/","logo":{"@type":"ImageObject","inLanguage":"es","@id":"https:\/\/caribbeanspecialtyingredients.com\/#\/schema\/logo\/image\/","url":"https:\/\/caribbeanspecialtyingredients.com\/wp-content\/uploads\/2025\/03\/caribbean-logo.svg","contentUrl":"https:\/\/caribbeanspecialtyingredients.com\/wp-content\/uploads\/2025\/03\/caribbean-logo.svg","width":"1024","height":"1024","caption":"Caribbean Speciality Ingredients"},"image":{"@id":"https:\/\/caribbeanspecialtyingredients.com\/#\/schema\/logo\/image\/"}}]}},"_links":{"self":[{"href":"https:\/\/caribbeanspecialtyingredients.com\/es\/wp-json\/wp\/v2\/pages\/925","targetHints":{"allow":["GET"]}}],"collection":[{"href":"https:\/\/caribbeanspecialtyingredients.com\/es\/wp-json\/wp\/v2\/pages"}],"about":[{"href":"https:\/\/caribbeanspecialtyingredients.com\/es\/wp-json\/wp\/v2\/types\/page"}],"author":[{"embeddable":true,"href":"https:\/\/caribbeanspecialtyingredients.com\/es\/wp-json\/wp\/v2\/users\/1"}],"replies":[{"embeddable":true,"href":"https:\/\/caribbeanspecialtyingredients.com\/es\/wp-json\/wp\/v2\/comments?post=925"}],"version-history":[{"count":2,"href":"https:\/\/caribbeanspecialtyingredients.com\/es\/wp-json\/wp\/v2\/pages\/925\/revisions"}],"predecessor-version":[{"id":927,"href":"https:\/\/caribbeanspecialtyingredients.com\/es\/wp-json\/wp\/v2\/pages\/925\/revisions\/927"}],"wp:attachment":[{"href":"https:\/\/caribbeanspecialtyingredients.com\/es\/wp-json\/wp\/v2\/media?parent=925"}],"curies":[{"name":"wp","href":"https:\/\/api.w.org\/{rel}","templated":true}]}}