{"id":874,"date":"2025-03-28T17:47:22","date_gmt":"2025-03-28T21:47:22","guid":{"rendered":"https:\/\/caribbeanspecialtyingredients.com\/quienes-somos\/"},"modified":"2025-08-19T12:16:38","modified_gmt":"2025-08-19T16:16:38","slug":"quienes-somos","status":"publish","type":"page","link":"https:\/\/caribbeanspecialtyingredients.com\/es\/quienes-somos\/","title":{"rendered":"Qui\u00e9nes Somos"},"content":{"rendered":"<section class=\"l-section wpb_row us_custom_89ba8f8f height_huge width_full with_img with_shape\"><div class=\"l-section-img lazyload\" role=\"img\" data-img-width=\"1921\" data-img-height=\"607\" style=\"background-image:inherit;background-position: bottom center;background-repeat: no-repeat;\" data-bg-image=\"url(https:\/\/caribbeanspecialtyingredients.com\/wp-content\/smush-webp\/2025\/05\/about-us-banner.jpg.webp)\"><\/div><div class=\"l-section-shape type_curve pos_bottom on_front\" style=\"height:15vmin;\"><svg xmlns=\"http:\/\/www.w3.org\/2000\/svg\" viewBox=\"0 0 64 8\" preserveAspectRatio=\"none\" width=\"100%\" height=\"100%\">\r\n\t<path fill=\"currentColor\" d=\"M64 8 L64 0 Q32 15.8 0 0 L0 8 Z\"\/>\r\n<\/svg><\/div><div class=\"l-section-h i-cf\"><div class=\"g-cols vc_row via_grid cols_1 laptops-cols_inherit tablets-cols_inherit mobiles-cols_1 valign_top type_default stacking_default\"><div class=\"wpb_column vc_column_container\"><div class=\"vc_column-inner\"><\/div><\/div><\/div><\/div><\/section><section class=\"l-section wpb_row height_medium\"><div class=\"l-section-h i-cf\"><div class=\"g-cols vc_row via_grid cols_1 laptops-cols_inherit tablets-cols_inherit mobiles-cols_1 valign_top type_default stacking_default\" style=\"--columns-gap:3rem;--laptops-columns-gap:3rem;--tablets-columns-gap:3rem;--mobiles-columns-gap:1rem;\"><div class=\"wpb_column vc_column_container\"><div class=\"vc_column-inner\"><div class=\"w-image align_center\"><div class=\"w-image-h\"><img decoding=\"async\" data-src=\"https:\/\/caribbeanspecialtyingredients.com\/wp-content\/uploads\/2025\/03\/caribbean-icon.svg\" class=\"attachment-full size-full lazyload\" alt=\"\" src=\"data:image\/svg+xml;base64,PHN2ZyB3aWR0aD0iMSIgaGVpZ2h0PSIxIiB4bWxucz0iaHR0cDovL3d3dy53My5vcmcvMjAwMC9zdmciPjwvc3ZnPg==\" \/><\/div><\/div><div class=\"w-separator size_small\"><\/div><h3 class=\"w-text us_custom_c53d37c8 us_animate_this\"><span class=\"w-text-h\"><span class=\"w-text-value\">CARIBBEAN SPECIALTY INGREDIENTS<\/span><\/span><\/h3><div class=\"w-separator size_small\"><\/div><div class=\"g-cols wpb_row via_grid cols_custom laptops-cols_inherit tablets-cols_inherit mobiles-cols_1 valign_top type_default stacking_default\" style=\"--columns-gap:0rem;--laptops-columns-gap:0rem;--tablets-columns-gap:0rem;--mobiles-columns-gap:0rem;--custom-columns:0.5fr 5fr 0.5fr \"><div class=\"wpb_column vc_column_container\"><div class=\"vc_column-inner\"><\/div><\/div><div class=\"wpb_column vc_column_container\"><div class=\"vc_column-inner\"><div class=\"wpb_text_column us_custom_5c6401b0\"><div class=\"wpb_wrapper\"><p>Somos l\u00edderes globales en endulzantes naturales, fibras prebi\u00f3ticas e ingredientes funcionales, al servicio de las industrias de alimentos, bebidas, farmac\u00e9utica, cervecera y de destilaci\u00f3n. Con sede en la Rep\u00fablica Dominicana y oficina internacional en Miami, FL, estamos comprometidos con ofrecer soluciones innovadoras que mejoran la calidad, funcionalidad y rendimiento de los productos.<\/p>\n<\/div><\/div><\/div><\/div><div class=\"wpb_column vc_column_container\"><div class=\"vc_column-inner\"><\/div><\/div><\/div><\/div><\/div><\/div><\/div><\/section><section class=\"l-section wpb_row height_small\"><div class=\"l-section-h i-cf\"><div class=\"g-cols vc_row via_grid cols_2 laptops-cols_inherit tablets-cols_inherit mobiles-cols_1 valign_middle type_default stacking_default\"><div class=\"wpb_column vc_column_container\"><div class=\"vc_column-inner\"><div class=\"w-image us_custom_8f2ba1f4 us_animate_this align_center\"><div class=\"w-image-h\"><img decoding=\"async\" width=\"500\" height=\"500\" data-src=\"https:\/\/caribbeanspecialtyingredients.com\/wp-content\/smush-webp\/2025\/05\/art-manufacturing-banner.png.webp\" class=\"attachment-full size-full lazyload\" alt=\"\" data-srcset=\"https:\/\/caribbeanspecialtyingredients.com\/wp-content\/smush-webp\/2025\/05\/art-manufacturing-banner.png.webp 500w, https:\/\/caribbeanspecialtyingredients.com\/wp-content\/smush-webp\/2025\/05\/art-manufacturing-banner-300x300.png.webp 300w, https:\/\/caribbeanspecialtyingredients.com\/wp-content\/smush-webp\/2025\/05\/art-manufacturing-banner-150x150.png.webp 150w, https:\/\/caribbeanspecialtyingredients.com\/wp-content\/smush-webp\/2025\/05\/art-manufacturing-banner-250x250.png.webp 250w\" data-sizes=\"auto, (max-width: 500px) 100vw, 500px\" src=\"data:image\/svg+xml;base64,PHN2ZyB3aWR0aD0iMSIgaGVpZ2h0PSIxIiB4bWxucz0iaHR0cDovL3d3dy53My5vcmcvMjAwMC9zdmciPjwvc3ZnPg==\" style=\"--smush-placeholder-width: 500px; --smush-placeholder-aspect-ratio: 500\/500;\" \/><\/div><\/div><\/div><\/div><div class=\"wpb_column vc_column_container us_custom_47474b22 us_animate_this\"><div class=\"vc_column-inner\"><h3 class=\"w-text us_custom_3a1ab16b\"><span class=\"w-text-h\"><span class=\"w-text-value\">MANUFACTURA DE \u00daLTIMA GENERACI\u00d3N<\/span><\/span><\/h3><div class=\"w-separator size_small\"><\/div><div class=\"wpb_text_column us_custom_ec836a8b\"><div class=\"wpb_wrapper\"><p>Utilizamos tecnolog\u00eda avanzada de cromatograf\u00eda para garantizar la m\u00e1s alta calidad, consistencia y eficiencia. Respaldados por un equipo de expertos de la industria, hemos sido reconocidos con prestigiosos premios como \u201cExportador del A\u00f1o\u201d y somos un socio confiable para fabricantes de alimentos y bebidas de clase mundial alrededor del mundo.<\/p>\n<\/div><\/div><\/div><\/div><\/div><\/div><\/section><section class=\"l-section wpb_row height_medium\"><div class=\"l-section-h i-cf\"><div class=\"g-cols vc_row via_grid cols_1 laptops-cols_inherit tablets-cols_inherit mobiles-cols_1 valign_top type_default stacking_default\"><div class=\"wpb_column vc_column_container\"><div class=\"vc_column-inner\"><h4 class=\"w-text us_custom_78fd257f\"><span class=\"w-text-h\"><span class=\"w-text-value\">QUI\u00c9NES SOMOS<\/span><\/span><\/h4><div class=\"w-separator size_medium\"><\/div><div class=\"w-video align_center ratio_16x9 with_overlay lazyload\" style=\"background-image:inherit;\" onclick=\"return {&quot;player_html&quot;:&quot;&lt;video  preload=\\&quot;none\\&quot; playsinline controls&gt;&lt;source type=\\&quot;video\\\/mp4\\&quot; src=\\&quot;https:\\\/\\\/caribbeanspecialtyingredients.com\\\/wp-content\\\/uploads\\\/2025\\\/05\\\/CSI-Short-Clip.mp4\\&quot; \\\/&gt;&lt;\\\/video&gt;&quot;}\" data-bg-image=\"url(https:\/\/caribbeanspecialtyingredients.com\/wp-content\/smush-webp\/2025\/05\/overlay-banner-video.jpg.webp)\"><div class=\"w-video-h\"><video  preload=\"none\" playsinline controls><source type=\"video\/mp4\" src=\"https:\/\/caribbeanspecialtyingredients.com\/wp-content\/uploads\/2025\/05\/CSI-Short-Clip.mp4\" \/><\/video><\/div><div class=\"w-video-icon\" style=\"font-size:1.5rem;background:rgba(0,0,0,0.5);color:#fff\"><\/div><\/div><div class=\"w-separator size_small\"><\/div><div class=\"g-cols wpb_row via_grid cols_custom laptops-cols_inherit tablets-cols_inherit mobiles-cols_1 valign_top type_default stacking_default\" style=\"--columns-gap:3rem;--custom-columns:0.5fr 5fr 0.5fr \"><div class=\"wpb_column vc_column_container\"><div class=\"vc_column-inner\"><\/div><\/div><div class=\"wpb_column vc_column_container\"><div class=\"vc_column-inner\"><h4 class=\"w-text us_custom_59c2634f us_animate_this\"><span class=\"w-text-h\"><span class=\"w-text-value\">EN EL CORAZ\u00d3N DE CADA GRAN PRODUCTO HAY UN SOCIO DE INGREDIENTES CONFIABLE\u2014AQU\u00cd ES DONDE TODO COMIENZA.<\/span><\/span><\/h4><\/div><\/div><div class=\"wpb_column vc_column_container\"><div class=\"vc_column-inner\"><\/div><\/div><\/div><\/div><\/div><\/div><\/div><\/section><section class=\"l-section wpb_row us_custom_c3b9b3ae height_large with_shape\"><div class=\"l-section-shape type_curve pos_top\" style=\"height:10vmin;\"><svg xmlns=\"http:\/\/www.w3.org\/2000\/svg\" viewBox=\"0 0 64 8\" preserveAspectRatio=\"none\" width=\"100%\" height=\"100%\">\r\n\t<path fill=\"currentColor\" d=\"M64 8 L64 0 Q32 15.8 0 0 L0 8 Z\"\/>\r\n<\/svg><\/div><div class=\"l-section-h i-cf\"><div class=\"g-cols vc_row via_grid cols_custom laptops-cols_inherit tablets-cols_inherit mobiles-cols_1 valign_middle type_default stacking_default\" style=\"--custom-columns:1fr 2fr 3fr \"><div class=\"wpb_column vc_column_container us_custom_5016ded7\"><div class=\"vc_column-inner\"><\/div><\/div><div class=\"wpb_column vc_column_container\"><div class=\"vc_column-inner\"><h3 class=\"w-text us_custom_e7232bdf has_text_color\"><span class=\"w-text-h\"><span class=\"w-text-value\">NUESTRAS HISTORIAS DE \u00c9XITO<\/span><\/span><\/h3><div class=\"wpb_text_column us_custom_9d5325e5 has_text_color\"><div class=\"wpb_wrapper\"><p>Con experiencia galardonada y manufactura de vanguardia, ofrecemos endulzantes de alta calidad a las industrias de alimentos, bebidas y farmac\u00e9utica en todo el mundo.<\/p>\n<\/div><\/div><div class=\"w-separator size_small\"><\/div><div class=\"w-btn-wrapper align_none\"><a class=\"w-btn us-btn-style_5\" href=\"https:\/\/caribbeanspecialtyingredients.com\/contact-us\/\"><span class=\"w-btn-label\">Ver m\u00e1s<\/span><\/a><\/div><\/div><\/div><div class=\"wpb_column vc_column_container stretched\"><div class=\"vc_column-inner\"><div class=\"w-grid us_custom_7e2234ea type_grid layout_gallery_default cols_2\" id=\"us_grid_1\" style=\"--columns:2;--gap:1rem;\" data-filterable=\"true\"><style>@media (max-width:600px){#us_grid_1{--gap:0.5rem!important}}.layout_gallery_default .w-grid-item-h{}<\/style><div class=\"w-grid-list\">\t<article class=\"w-grid-item size_1x1 post-782 attachment type-attachment status-inherit hentry\" data-id=\"782\">\r\n\t\t<div class=\"w-grid-item-h\">\r\n\t\t\t\t\t\t<div class=\"w-post-elm post_image usg_post_image_1 stretched\"><img decoding=\"async\" width=\"359\" height=\"418\" data-src=\"https:\/\/caribbeanspecialtyingredients.com\/wp-content\/smush-webp\/2025\/05\/about-us-prefooter-banner.png.webp\" class=\"attachment-large size-large lazyload\" alt=\"\" data-srcset=\"https:\/\/caribbeanspecialtyingredients.com\/wp-content\/smush-webp\/2025\/05\/about-us-prefooter-banner.png.webp 359w, https:\/\/caribbeanspecialtyingredients.com\/wp-content\/smush-webp\/2025\/05\/about-us-prefooter-banner-258x300.png.webp 258w, https:\/\/caribbeanspecialtyingredients.com\/wp-content\/smush-webp\/2025\/05\/about-us-prefooter-banner-250x291.png.webp 250w\" data-sizes=\"(max-width: 359px) 100vw, 359px\" src=\"data:image\/svg+xml;base64,PHN2ZyB3aWR0aD0iMSIgaGVpZ2h0PSIxIiB4bWxucz0iaHR0cDovL3d3dy53My5vcmcvMjAwMC9zdmciPjwvc3ZnPg==\" style=\"--smush-placeholder-width: 359px; --smush-placeholder-aspect-ratio: 359\/418;\" \/><\/div>\t\t<\/div>\r\n\t\t\t<\/article>\r\n\t<article class=\"w-grid-item size_1x1 post-783 attachment type-attachment status-inherit hentry\" data-id=\"783\">\r\n\t\t<div class=\"w-grid-item-h\">\r\n\t\t\t\t\t\t<div class=\"w-post-elm post_image usg_post_image_1 stretched\"><img decoding=\"async\" width=\"359\" height=\"418\" data-src=\"https:\/\/caribbeanspecialtyingredients.com\/wp-content\/smush-webp\/2025\/05\/about-us-prefooter-banner-2.png.webp\" class=\"attachment-large size-large lazyload\" alt=\"\" data-srcset=\"https:\/\/caribbeanspecialtyingredients.com\/wp-content\/smush-webp\/2025\/05\/about-us-prefooter-banner-2.png.webp 359w, https:\/\/caribbeanspecialtyingredients.com\/wp-content\/smush-webp\/2025\/05\/about-us-prefooter-banner-2-258x300.png.webp 258w, https:\/\/caribbeanspecialtyingredients.com\/wp-content\/smush-webp\/2025\/05\/about-us-prefooter-banner-2-250x291.png.webp 250w\" data-sizes=\"(max-width: 359px) 100vw, 359px\" src=\"data:image\/svg+xml;base64,PHN2ZyB3aWR0aD0iMSIgaGVpZ2h0PSIxIiB4bWxucz0iaHR0cDovL3d3dy53My5vcmcvMjAwMC9zdmciPjwvc3ZnPg==\" style=\"--smush-placeholder-width: 359px; --smush-placeholder-aspect-ratio: 359\/418;\" \/><\/div>\t\t<\/div>\r\n\t\t\t<\/article>\r\n<\/div><div class=\"w-grid-preloader\">\t<div class=\"g-preloader type_1\">\r\n\t\t<div><\/div>\r\n\t<\/div>\r\n\t<\/div>\t<div class=\"w-grid-json hidden\" onclick='return {&quot;action&quot;:&quot;us_ajax_grid&quot;,&quot;infinite_scroll&quot;:0,&quot;max_num_pages&quot;:1,&quot;pagination&quot;:&quot;none&quot;,&quot;template_vars&quot;:{&quot;columns&quot;:&quot;2&quot;,&quot;exclude_items&quot;:&quot;none&quot;,&quot;img_size&quot;:&quot;default&quot;,&quot;ignore_items_size&quot;:0,&quot;items_layout&quot;:&quot;gallery_default&quot;,&quot;items_offset&quot;:&quot;1&quot;,&quot;load_animation&quot;:&quot;none&quot;,&quot;overriding_link&quot;:&quot;%7B%22url%22%3A%22%22%7D&quot;,&quot;post_id&quot;:0,&quot;query_args&quot;:{&quot;post_type&quot;:[&quot;attachment&quot;],&quot;post__in&quot;:[&quot;454&quot;,&quot;455&quot;],&quot;post_status&quot;:&quot;inherit&quot;,&quot;post_mime_type&quot;:&quot;image&quot;,&quot;posts_per_page&quot;:&quot;10&quot;},&quot;orderby_query_args&quot;:{&quot;orderby&quot;:{&quot;post__in&quot;:&quot;ASC&quot;},&quot;order&quot;:&quot;ASC&quot;},&quot;type&quot;:&quot;grid&quot;,&quot;us_grid_post_type&quot;:&quot;attachment&quot;,&quot;us_grid_ajax_index&quot;:1,&quot;us_grid_filter_query_string&quot;:null,&quot;us_grid_index&quot;:1,&quot;page_args&quot;:[],&quot;lang&quot;:&quot;es&quot;}}'><\/div>\r\n\t<\/div><\/div><\/div><\/div><\/div><\/section>\n","protected":false},"excerpt":{"rendered":"","protected":false},"author":1,"featured_media":0,"parent":0,"menu_order":0,"comment_status":"closed","ping_status":"closed","template":"","meta":{"_acf_changed":false,"footnotes":""},"class_list":["post-874","page","type-page","status-publish","hentry"],"acf":[],"yoast_head":"<!-- This site is optimized with the Yoast SEO plugin v27.3 - https:\/\/yoast.com\/product\/yoast-seo-wordpress\/ -->\n<title>Qui\u00e9nes Somos - Caribbean Specialty Ingredients<\/title>\n<meta name=\"robots\" content=\"index, follow, max-snippet:-1, max-image-preview:large, max-video-preview:-1\" \/>\n<link rel=\"canonical\" href=\"https:\/\/caribbeanspecialtyingredients.com\/es\/quienes-somos\/\" \/>\n<meta property=\"og:locale\" content=\"es_ES\" \/>\n<meta property=\"og:type\" content=\"article\" \/>\n<meta property=\"og:title\" content=\"Qui\u00e9nes Somos - Caribbean Specialty Ingredients\" \/>\n<meta property=\"og:url\" content=\"https:\/\/caribbeanspecialtyingredients.com\/es\/quienes-somos\/\" \/>\n<meta property=\"og:site_name\" content=\"Caribbean Specialty Ingredients\" \/>\n<meta property=\"article:modified_time\" content=\"2025-08-19T16:16:38+00:00\" \/>\n<meta name=\"twitter:card\" content=\"summary_large_image\" \/>\n<meta name=\"twitter:label1\" content=\"Tiempo de lectura\" \/>\n\t<meta name=\"twitter:data1\" content=\"5 minutos\" \/>\n<script type=\"application\/ld+json\" class=\"yoast-schema-graph\">{\"@context\":\"https:\\\/\\\/schema.org\",\"@graph\":[{\"@type\":\"WebPage\",\"@id\":\"https:\\\/\\\/caribbeanspecialtyingredients.com\\\/es\\\/quienes-somos\\\/\",\"url\":\"https:\\\/\\\/caribbeanspecialtyingredients.com\\\/es\\\/quienes-somos\\\/\",\"name\":\"Qui\u00e9nes Somos - Caribbean Specialty Ingredients\",\"isPartOf\":{\"@id\":\"https:\\\/\\\/caribbeanspecialtyingredients.com\\\/#website\"},\"datePublished\":\"2025-03-28T21:47:22+00:00\",\"dateModified\":\"2025-08-19T16:16:38+00:00\",\"breadcrumb\":{\"@id\":\"https:\\\/\\\/caribbeanspecialtyingredients.com\\\/es\\\/quienes-somos\\\/#breadcrumb\"},\"inLanguage\":\"es\",\"potentialAction\":[{\"@type\":\"ReadAction\",\"target\":[\"https:\\\/\\\/caribbeanspecialtyingredients.com\\\/es\\\/quienes-somos\\\/\"]}]},{\"@type\":\"BreadcrumbList\",\"@id\":\"https:\\\/\\\/caribbeanspecialtyingredients.com\\\/es\\\/quienes-somos\\\/#breadcrumb\",\"itemListElement\":[{\"@type\":\"ListItem\",\"position\":1,\"name\":\"Home\",\"item\":\"https:\\\/\\\/caribbeanspecialtyingredients.com\\\/es\\\/\"},{\"@type\":\"ListItem\",\"position\":2,\"name\":\"Qui\u00e9nes Somos\"}]},{\"@type\":\"WebSite\",\"@id\":\"https:\\\/\\\/caribbeanspecialtyingredients.com\\\/#website\",\"url\":\"https:\\\/\\\/caribbeanspecialtyingredients.com\\\/\",\"name\":\"Caribbean Speciality Ingredients\",\"description\":\"\",\"publisher\":{\"@id\":\"https:\\\/\\\/caribbeanspecialtyingredients.com\\\/#organization\"},\"potentialAction\":[{\"@type\":\"SearchAction\",\"target\":{\"@type\":\"EntryPoint\",\"urlTemplate\":\"https:\\\/\\\/caribbeanspecialtyingredients.com\\\/?s={search_term_string}\"},\"query-input\":{\"@type\":\"PropertyValueSpecification\",\"valueRequired\":true,\"valueName\":\"search_term_string\"}}],\"inLanguage\":\"es\"},{\"@type\":\"Organization\",\"@id\":\"https:\\\/\\\/caribbeanspecialtyingredients.com\\\/#organization\",\"name\":\"Caribbean Speciality Ingredients\",\"url\":\"https:\\\/\\\/caribbeanspecialtyingredients.com\\\/\",\"logo\":{\"@type\":\"ImageObject\",\"inLanguage\":\"es\",\"@id\":\"https:\\\/\\\/caribbeanspecialtyingredients.com\\\/#\\\/schema\\\/logo\\\/image\\\/\",\"url\":\"https:\\\/\\\/caribbeanspecialtyingredients.com\\\/wp-content\\\/uploads\\\/2025\\\/03\\\/caribbean-logo.svg\",\"contentUrl\":\"https:\\\/\\\/caribbeanspecialtyingredients.com\\\/wp-content\\\/uploads\\\/2025\\\/03\\\/caribbean-logo.svg\",\"width\":\"1024\",\"height\":\"1024\",\"caption\":\"Caribbean Speciality Ingredients\"},\"image\":{\"@id\":\"https:\\\/\\\/caribbeanspecialtyingredients.com\\\/#\\\/schema\\\/logo\\\/image\\\/\"}}]}<\/script>\n<!-- \/ Yoast SEO plugin. -->","yoast_head_json":{"title":"Qui\u00e9nes Somos - Caribbean Specialty Ingredients","robots":{"index":"index","follow":"follow","max-snippet":"max-snippet:-1","max-image-preview":"max-image-preview:large","max-video-preview":"max-video-preview:-1"},"canonical":"https:\/\/caribbeanspecialtyingredients.com\/es\/quienes-somos\/","og_locale":"es_ES","og_type":"article","og_title":"Qui\u00e9nes Somos - Caribbean Specialty Ingredients","og_url":"https:\/\/caribbeanspecialtyingredients.com\/es\/quienes-somos\/","og_site_name":"Caribbean Specialty Ingredients","article_modified_time":"2025-08-19T16:16:38+00:00","twitter_card":"summary_large_image","twitter_misc":{"Tiempo de lectura":"5 minutos"},"schema":{"@context":"https:\/\/schema.org","@graph":[{"@type":"WebPage","@id":"https:\/\/caribbeanspecialtyingredients.com\/es\/quienes-somos\/","url":"https:\/\/caribbeanspecialtyingredients.com\/es\/quienes-somos\/","name":"Qui\u00e9nes Somos - Caribbean Specialty Ingredients","isPartOf":{"@id":"https:\/\/caribbeanspecialtyingredients.com\/#website"},"datePublished":"2025-03-28T21:47:22+00:00","dateModified":"2025-08-19T16:16:38+00:00","breadcrumb":{"@id":"https:\/\/caribbeanspecialtyingredients.com\/es\/quienes-somos\/#breadcrumb"},"inLanguage":"es","potentialAction":[{"@type":"ReadAction","target":["https:\/\/caribbeanspecialtyingredients.com\/es\/quienes-somos\/"]}]},{"@type":"BreadcrumbList","@id":"https:\/\/caribbeanspecialtyingredients.com\/es\/quienes-somos\/#breadcrumb","itemListElement":[{"@type":"ListItem","position":1,"name":"Home","item":"https:\/\/caribbeanspecialtyingredients.com\/es\/"},{"@type":"ListItem","position":2,"name":"Qui\u00e9nes Somos"}]},{"@type":"WebSite","@id":"https:\/\/caribbeanspecialtyingredients.com\/#website","url":"https:\/\/caribbeanspecialtyingredients.com\/","name":"Caribbean Speciality Ingredients","description":"","publisher":{"@id":"https:\/\/caribbeanspecialtyingredients.com\/#organization"},"potentialAction":[{"@type":"SearchAction","target":{"@type":"EntryPoint","urlTemplate":"https:\/\/caribbeanspecialtyingredients.com\/?s={search_term_string}"},"query-input":{"@type":"PropertyValueSpecification","valueRequired":true,"valueName":"search_term_string"}}],"inLanguage":"es"},{"@type":"Organization","@id":"https:\/\/caribbeanspecialtyingredients.com\/#organization","name":"Caribbean Speciality Ingredients","url":"https:\/\/caribbeanspecialtyingredients.com\/","logo":{"@type":"ImageObject","inLanguage":"es","@id":"https:\/\/caribbeanspecialtyingredients.com\/#\/schema\/logo\/image\/","url":"https:\/\/caribbeanspecialtyingredients.com\/wp-content\/uploads\/2025\/03\/caribbean-logo.svg","contentUrl":"https:\/\/caribbeanspecialtyingredients.com\/wp-content\/uploads\/2025\/03\/caribbean-logo.svg","width":"1024","height":"1024","caption":"Caribbean Speciality Ingredients"},"image":{"@id":"https:\/\/caribbeanspecialtyingredients.com\/#\/schema\/logo\/image\/"}}]}},"_links":{"self":[{"href":"https:\/\/caribbeanspecialtyingredients.com\/es\/wp-json\/wp\/v2\/pages\/874","targetHints":{"allow":["GET"]}}],"collection":[{"href":"https:\/\/caribbeanspecialtyingredients.com\/es\/wp-json\/wp\/v2\/pages"}],"about":[{"href":"https:\/\/caribbeanspecialtyingredients.com\/es\/wp-json\/wp\/v2\/types\/page"}],"author":[{"embeddable":true,"href":"https:\/\/caribbeanspecialtyingredients.com\/es\/wp-json\/wp\/v2\/users\/1"}],"replies":[{"embeddable":true,"href":"https:\/\/caribbeanspecialtyingredients.com\/es\/wp-json\/wp\/v2\/comments?post=874"}],"version-history":[{"count":6,"href":"https:\/\/caribbeanspecialtyingredients.com\/es\/wp-json\/wp\/v2\/pages\/874\/revisions"}],"predecessor-version":[{"id":880,"href":"https:\/\/caribbeanspecialtyingredients.com\/es\/wp-json\/wp\/v2\/pages\/874\/revisions\/880"}],"wp:attachment":[{"href":"https:\/\/caribbeanspecialtyingredients.com\/es\/wp-json\/wp\/v2\/media?parent=874"}],"curies":[{"name":"wp","href":"https:\/\/api.w.org\/{rel}","templated":true}]}}